{"id":3684,"date":"2019-12-16T08:33:06","date_gmt":"2019-12-16T13:33:06","guid":{"rendered":"https:\/\/www.shalatinoamerica.com\/web\/?page_id=3684"},"modified":"2019-12-16T12:58:24","modified_gmt":"2019-12-16T17:58:24","slug":"links-de-interes","status":"publish","type":"page","link":"https:\/\/www.shalatinoamerica.com\/web\/links-de-interes\/","title":{"rendered":"Links de interes"},"content":{"rendered":"<div id='av_section_1' class='avia-section main_color avia-section-no-padding avia-no-border-styling avia-full-stretch av-section-color-overlay-active avia-bg-style-scroll  avia-builder-el-0  el_before_av_notification  avia-builder-el-first    container_wrap sidebar_right' style='background-repeat: no-repeat; background-image: url(https:\/\/i0.wp.com\/www.shalatinoamerica.com\/web\/wp-content\/uploads\/2019\/12\/SHA-Links.png?fit=300%2C169&ssl=1);background-attachment: scroll; background-position: center center;  margin-top:0px; margin-bottom:0px; '  data-section-bg-repeat='stretch'><div class='av-section-color-overlay-wrap'><div class='av-section-color-overlay' style='opacity: 0.6; background-color: #000000; '><\/div><div class='container' ><main  role=\"main\" itemprop=\"mainContentOfPage\"  class='template-page content  av-content-small alpha units'><div class='post-entry post-entry-type-page post-entry-3684'><div class='entry-content-wrapper clearfix'>\n<div  class='hr hr-default   avia-builder-el-1  el_before_av_heading  avia-builder-el-first '><span class='hr-inner ' ><span class='hr-inner-style'><\/span><\/span><\/div>\n<div style='padding-bottom:0px; color:#ffffff;font-size:40px;' class='av-special-heading av-special-heading-h1 custom-color-heading blockquote modern-quote modern-centered  avia-builder-el-2  el_after_av_hr  el_before_av_hr   av-thin-font av-inherit-size '><h1 class='av-special-heading-tag '  itemprop=\"headline\"  ><strong>Links de inter\u00e9s<\/strong><\/h1><div class ='av-subheading av-subheading_below av_custom_color ' style='font-size:15px;'><p>Consigue acceso a informaci\u00f3n \u00fatil e importante a trav\u00e9s de los sitios de importantes instituciones.<\/p>\n<\/div><div class='special-heading-border'><div class='special-heading-inner-border' style='border-color:#ffffff'><\/div><\/div><\/div>\n<div  class='hr hr-default   avia-builder-el-3  el_after_av_heading  avia-builder-el-last '><span class='hr-inner ' ><span class='hr-inner-style'><\/span><\/span><\/div>\n<\/div><\/div><\/main><!-- close content main element --><\/div><\/div><\/div><div id='after_section_1' class='main_color av_default_container_wrap container_wrap sidebar_right' style=' '  ><div class='container' ><div class='template-page content  av-content-small alpha units'><div class='post-entry post-entry-type-page post-entry-3684'><div class='entry-content-wrapper clearfix'>\n<div id='avia-messagebox-' class='avia_message_box  avia-color-orange avia-size-large avia-icon_select-yes avia-border-  avia-builder-el-4  el_after_av_section  el_before_av_three_fourth  avia-builder-el-first  '><span class='avia_message_box_title' >Advertencia<\/span><div class='avia_message_box_content' ><span class='avia_message_box_icon' aria-hidden='true' data-av_icon='\ue83e' data-av_iconfont='entypo-fontello'><\/span><p>SHA Latinoamerica no se hace responsable ni solidario, con la informaci\u00f3n u opiniones contenidas, as\u00ed como su uso y consecuencias, de los diferentes sitios mencionados. El usuario es responsable exclusivo del uso que haga de los mismos.<\/p>\n<\/div><\/div>\n<div class=\"flex_column av_three_fourth  flex_column_div av-zero-column-padding first  avia-builder-el-5  el_after_av_notification  el_before_av_one_fourth  \" style='border-radius:0px; '><section class=\"av_textblock_section \"  itemscope=\"itemscope\" itemtype=\"https:\/\/schema.org\/CreativeWork\" ><div class='avia_textblock  '   itemprop=\"text\" ><ul>\n<li><a href=\"https:\/\/www.nfpa.org\/\">National Fire Protection Association\u00a0(NFPA)<\/a><\/li>\n<li><a href=\"http:\/\/www.naemt.org\/\">National Association of Emergency Medical Technicians (NAEMT)<\/a><\/li>\n<li><a href=\"https:\/\/www.heart.org\/\">American Heart Association (AHA)<\/a><\/li>\n<\/ul>\n<\/div><\/section><\/div><div class=\"flex_column av_one_fourth  flex_column_div av-zero-column-padding   avia-builder-el-7  el_after_av_three_fourth  el_before_av_textblock  \" style='border-radius:0px; '><div class='avia-builder-widget-area clearfix  avia-builder-el-8  avia-builder-el-no-sibling '><section id=\"facebook-likebox-3\" class=\"widget clearfix widget_facebook_likebox\"><h3 class=\"widgettitle\"><a href=\"https:\/\/www.facebook.com\/shalatinoamerica\/\">\u00danete a nuestro Facebook<\/a><\/h3>\t\t<div id=\"fb-root\"><\/div>\n\t\t<div class=\"fb-page\" data-href=\"https:\/\/www.facebook.com\/shalatinoamerica\/\" data-width=\"340\"  data-height=\"300\" data-hide-cover=\"false\" data-show-facepile=\"true\" data-tabs=\"timeline\" data-hide-cta=\"false\" data-small-header=\"true\">\n\t\t<div class=\"fb-xfbml-parse-ignore\"><blockquote cite=\"https:\/\/www.facebook.com\/shalatinoamerica\/\"><a href=\"https:\/\/www.facebook.com\/shalatinoamerica\/\">\u00danete a nuestro Facebook<\/a><\/blockquote><\/div>\n\t\t<\/div>\n\t\t<span class=\"seperator extralight-border\"><\/span><\/section><section id=\"twitter_timeline-3\" class=\"widget clearfix widget_twitter_timeline\"><h3 class=\"widgettitle\">S\u00edguenos en Twitter<\/h3><a class=\"twitter-timeline\" data-theme=\"light\" data-border-color=\"#e8e8e8\" data-tweet-limit=\"1\" data-lang=\"ES\" data-partner=\"jetpack\" href=\"https:\/\/twitter.com\/@sha_latam\" href=\"https:\/\/twitter.com\/@sha_latam\">Mis tuits<\/a><span class=\"seperator extralight-border\"><\/span><\/section><section id=\"newsbox-3\" class=\"widget clearfix newsbox\"><h3 class=\"widgettitle\">Lo m\u00e1s reciente<\/h3><ul class=\"news-wrap image_size_widget\"><li class=\"news-content post-format-standard\"><a class='news-link' title='Nuevamente, certificados&#8230;' href='https:\/\/www.shalatinoamerica.com\/web\/nuevamente-certificados\/'><span class='news-thumb '><img loading=\"lazy\" decoding=\"async\" width=\"36\" height=\"36\" src=\"https:\/\/i0.wp.com\/www.shalatinoamerica.com\/web\/wp-content\/uploads\/2020\/02\/TEEX1.png?resize=36%2C36&amp;ssl=1\" class=\"attachment-widget size-widget wp-post-image\" alt=\"\" srcset=\"https:\/\/i0.wp.com\/www.shalatinoamerica.com\/web\/wp-content\/uploads\/2020\/02\/TEEX1.png?resize=80%2C80&amp;ssl=1 80w, https:\/\/i0.wp.com\/www.shalatinoamerica.com\/web\/wp-content\/uploads\/2020\/02\/TEEX1.png?resize=36%2C36&amp;ssl=1 36w, https:\/\/i0.wp.com\/www.shalatinoamerica.com\/web\/wp-content\/uploads\/2020\/02\/TEEX1.png?resize=180%2C180&amp;ssl=1 180w, https:\/\/i0.wp.com\/www.shalatinoamerica.com\/web\/wp-content\/uploads\/2020\/02\/TEEX1.png?resize=120%2C120&amp;ssl=1 120w, https:\/\/i0.wp.com\/www.shalatinoamerica.com\/web\/wp-content\/uploads\/2020\/02\/TEEX1.png?resize=450%2C450&amp;ssl=1 450w\" sizes=\"auto, (max-width: 36px) 100vw, 36px\" \/><\/span><strong class='news-headline'>Nuevamente, certificados&#8230;<span class='news-time'>febrero 5, 2020 - 3:45 PM<\/span><\/strong><\/a><\/li><li class=\"news-content post-format-standard\"><a class='news-link' title='Simulacro en el fuerte' href='https:\/\/www.shalatinoamerica.com\/web\/simulacro-en-el-fuerte\/'><span class='news-thumb '><img loading=\"lazy\" decoding=\"async\" width=\"36\" height=\"36\" src=\"https:\/\/i0.wp.com\/www.shalatinoamerica.com\/web\/wp-content\/uploads\/2019\/12\/DSC_0605-1.jpg?resize=36%2C36&amp;ssl=1\" class=\"attachment-widget size-widget wp-post-image\" alt=\"\" srcset=\"https:\/\/i0.wp.com\/www.shalatinoamerica.com\/web\/wp-content\/uploads\/2019\/12\/DSC_0605-1.jpg?resize=80%2C80&amp;ssl=1 80w, https:\/\/i0.wp.com\/www.shalatinoamerica.com\/web\/wp-content\/uploads\/2019\/12\/DSC_0605-1.jpg?resize=36%2C36&amp;ssl=1 36w, https:\/\/i0.wp.com\/www.shalatinoamerica.com\/web\/wp-content\/uploads\/2019\/12\/DSC_0605-1.jpg?resize=180%2C180&amp;ssl=1 180w, https:\/\/i0.wp.com\/www.shalatinoamerica.com\/web\/wp-content\/uploads\/2019\/12\/DSC_0605-1.jpg?resize=120%2C120&amp;ssl=1 120w, https:\/\/i0.wp.com\/www.shalatinoamerica.com\/web\/wp-content\/uploads\/2019\/12\/DSC_0605-1.jpg?resize=450%2C450&amp;ssl=1 450w\" sizes=\"auto, (max-width: 36px) 100vw, 36px\" \/><\/span><strong class='news-headline'>Simulacro en el fuerte<span class='news-time'>diciembre 16, 2019 - 11:51 PM<\/span><\/strong><\/a><\/li><\/ul><span class=\"seperator extralight-border\"><\/span><\/section><section id=\"categories-3\" class=\"widget clearfix widget_categories\"><h3 class=\"widgettitle\">Categor\u00edas<\/h3>\n\t\t\t<ul>\n\t\t\t\t\t<li class=\"cat-item cat-item-14\"><a href=\"https:\/\/www.shalatinoamerica.com\/web\/category\/emergency-response\/\">Emergency Response<\/a>\n<\/li>\n\t<li class=\"cat-item cat-item-309\"><a href=\"https:\/\/www.shalatinoamerica.com\/web\/category\/sin-categoria\/news\/\">News<\/a>\n<\/li>\n\t<li class=\"cat-item cat-item-15\"><a href=\"https:\/\/www.shalatinoamerica.com\/web\/category\/prevention\/\">Prevention<\/a>\n<\/li>\n\t\t\t<\/ul>\n\n\t\t\t<span class=\"seperator extralight-border\"><\/span><\/section><\/div><\/div><\/p>\n<section class=\"av_textblock_section \"  itemscope=\"itemscope\" itemtype=\"https:\/\/schema.org\/BlogPosting\" itemprop=\"blogPost\" ><div class='avia_textblock  '   itemprop=\"text\" ><p>Pulsa aqu\u00ed para a\u00f1adir un texto<\/p>\n<\/div><\/section>\n","protected":false},"excerpt":{"rendered":"","protected":false},"author":2,"featured_media":0,"parent":0,"menu_order":0,"comment_status":"closed","ping_status":"closed","template":"","meta":{"_joinchat":[],"footnotes":""},"class_list":["post-3684","page","type-page","status-publish","hentry"],"jetpack_sharing_enabled":true,"jetpack_likes_enabled":false,"_links":{"self":[{"href":"https:\/\/www.shalatinoamerica.com\/web\/wp-json\/wp\/v2\/pages\/3684","targetHints":{"allow":["GET"]}}],"collection":[{"href":"https:\/\/www.shalatinoamerica.com\/web\/wp-json\/wp\/v2\/pages"}],"about":[{"href":"https:\/\/www.shalatinoamerica.com\/web\/wp-json\/wp\/v2\/types\/page"}],"author":[{"embeddable":true,"href":"https:\/\/www.shalatinoamerica.com\/web\/wp-json\/wp\/v2\/users\/2"}],"replies":[{"embeddable":true,"href":"https:\/\/www.shalatinoamerica.com\/web\/wp-json\/wp\/v2\/comments?post=3684"}],"version-history":[{"count":4,"href":"https:\/\/www.shalatinoamerica.com\/web\/wp-json\/wp\/v2\/pages\/3684\/revisions"}],"predecessor-version":[{"id":3724,"href":"https:\/\/www.shalatinoamerica.com\/web\/wp-json\/wp\/v2\/pages\/3684\/revisions\/3724"}],"wp:attachment":[{"href":"https:\/\/www.shalatinoamerica.com\/web\/wp-json\/wp\/v2\/media?parent=3684"}],"curies":[{"name":"wp","href":"https:\/\/api.w.org\/{rel}","templated":true}]}}