{"id":3548,"date":"2019-12-14T11:23:00","date_gmt":"2019-12-14T16:23:00","guid":{"rendered":"https:\/\/www.shalatinoamerica.com\/web\/?page_id=3548"},"modified":"2019-12-18T21:03:47","modified_gmt":"2019-12-19T02:03:47","slug":"intranet","status":"publish","type":"page","link":"https:\/\/www.shalatinoamerica.com\/web\/intranet\/","title":{"rendered":"Intranet"},"content":{"rendered":"<div id='av_section_1' class='avia-section main_color avia-section-no-padding avia-no-border-styling avia-full-stretch av-section-color-overlay-active avia-bg-style-scroll  avia-builder-el-0  el_before_av_section  avia-builder-el-first    container_wrap sidebar_right' style='background-repeat: no-repeat; background-image: url(https:\/\/i0.wp.com\/www.shalatinoamerica.com\/web\/wp-content\/uploads\/2019\/12\/Intranet.png?fit=1920%2C1080&ssl=1);background-attachment: scroll; background-position: center center;  margin-top:0px; margin-bottom:0px; '  data-section-bg-repeat='stretch'><div class='av-section-color-overlay-wrap'><div class='av-section-color-overlay' style='opacity: 0.6; background-color: #000000; '><\/div><div class='container' ><main  role=\"main\" itemprop=\"mainContentOfPage\"  class='template-page content  av-content-small alpha units'><div class='post-entry post-entry-type-page post-entry-3548'><div class='entry-content-wrapper clearfix'>\n<div  class='hr hr-default   avia-builder-el-1  el_before_av_heading  avia-builder-el-first '><span class='hr-inner ' ><span class='hr-inner-style'><\/span><\/span><\/div>\n<div style='padding-bottom:0px; color:#ffffff;font-size:40px;' class='av-special-heading av-special-heading-h1 custom-color-heading blockquote modern-quote modern-centered  avia-builder-el-2  el_after_av_hr  el_before_av_hr   av-thin-font av-inherit-size '><h1 class='av-special-heading-tag '  itemprop=\"headline\"  ><strong>Intranet<\/strong><\/h1><div class ='av-subheading av-subheading_below av_custom_color ' style='font-size:15px;'><p>Aqu\u00ed tienes las herramientas necesarias para la gesti\u00f3n de tus servicios. No dudes contactarnos ante cualquier inconveniente.<\/p>\n<\/div><div class='special-heading-border'><div class='special-heading-inner-border' style='border-color:#ffffff'><\/div><\/div><\/div>\n<div  class='hr hr-default   avia-builder-el-3  el_after_av_heading  avia-builder-el-last '><span class='hr-inner ' ><span class='hr-inner-style'><\/span><\/span><\/div>\n\n<\/div><\/div><\/main><!-- close content main element --><\/div><\/div><\/div><div id='av_section_2' class='avia-section main_color avia-section-no-padding avia-no-border-styling avia-bg-style-scroll  avia-builder-el-4  el_after_av_section  el_before_av_hr    container_wrap sidebar_right' style='background-color: #ffffff;  margin-top:0px; margin-bottom:0px; '  ><div class='container' ><div class='template-page content  av-content-small alpha units'><div class='post-entry post-entry-type-page post-entry-3548'><div class='entry-content-wrapper clearfix'>\n<div id='avia-messagebox-' class='avia_message_box  avia-color-orange avia-size-large avia-icon_select-yes avia-border-  avia-builder-el-5  avia-builder-el-no-sibling  '><span class='avia_message_box_title' >Advertencia<\/span><div class='avia_message_box_content' ><span class='avia_message_box_icon' aria-hidden='true' data-av_icon='\ue83e' data-av_iconfont='entypo-fontello'><\/span><p>El uso de estas herramientas es reservado a personas autorizadas. Si usted no esta autorizado, por favor, abandone inmediatamente esta secci\u00f3n, o pudiera incurrir en un delito o infracci\u00f3n legal.<\/p>\n<\/div><\/div>\n<\/div><\/div><\/div><!-- close content main div --><\/div><\/div><div id='after_section_2' class='main_color av_default_container_wrap container_wrap sidebar_right' style=' '  ><div class='container' ><div class='template-page content  av-content-small alpha units'><div class='post-entry post-entry-type-page post-entry-3548'><div class='entry-content-wrapper clearfix'><div  class='hr hr-default   avia-builder-el-6  el_after_av_section  el_before_av_one_third  avia-builder-el-first '><span class='hr-inner ' ><span class='hr-inner-style'><\/span><\/span><\/div><\/p>\n<div class=\"flex_column av_one_third  flex_column_div av-zero-column-padding first  avia-builder-el-7  el_after_av_hr  el_before_av_one_third  \" style='border-radius:0px; '><article class=\"iconbox iconbox_top main_color    avia-builder-el-8  avia-builder-el-no-sibling   \"  itemscope=\"itemscope\" itemtype=\"https:\/\/schema.org\/CreativeWork\" ><div class=\"iconbox_content\"><header class=\"entry-content-header\"><a href='https:\/\/www.shalatinoamerica.com\/web\/?page_id=3508' title='Proyectos'  target=\"_blank\"  class=\"iconbox_icon heading-color \" aria-hidden='true' data-av_icon='\ue8c6' data-av_iconfont='entypo-fontello'  ><\/a><h3 class='iconbox_content_title  '  itemprop=\"headline\"  ><a href='https:\/\/www.shalatinoamerica.com\/web\/?page_id=3508' title='Proyectos'  target=\"_blank\" >Proyectos<\/a><\/h3><\/header><div class='iconbox_content_container  '  itemprop=\"text\"  ><p>Un proyecto integra m\u00faltiples personas y recursos, interact\u00faa f\u00e1cilmente con todos ellos.<\/p>\n<\/div><\/div><footer class=\"entry-footer\"><\/footer><\/article><\/div>\n<div class=\"flex_column av_one_third  flex_column_div av-zero-column-padding   avia-builder-el-9  el_after_av_one_third  el_before_av_one_third  \" style='border-radius:0px; '><article class=\"iconbox iconbox_top main_color    avia-builder-el-10  avia-builder-el-no-sibling   \"  itemscope=\"itemscope\" itemtype=\"https:\/\/schema.org\/CreativeWork\" ><div class=\"iconbox_content\"><header class=\"entry-content-header\"><a href='https:\/\/www.shalatinoamerica.com\/web\/wp-admin' title='ERP'  target=\"_blank\"  class=\"iconbox_icon heading-color \" aria-hidden='true' data-av_icon='\ue8da' data-av_iconfont='entypo-fontello'  ><\/a><h3 class='iconbox_content_title  '  itemprop=\"headline\"  ><a href='https:\/\/www.shalatinoamerica.com\/web\/wp-admin' title='ERP'  target=\"_blank\" >ERP<\/a><\/h3><\/header><div class='iconbox_content_container  '  itemprop=\"text\"  ><p>Gestiona tus clientes y procesos. Una atenci\u00f3n oportuna y profesional es nuestra mejor referencia.<\/p>\n<\/div><\/div><footer class=\"entry-footer\"><\/footer><\/article><\/div>\n<div class=\"flex_column av_one_third  flex_column_div av-zero-column-padding   avia-builder-el-11  el_after_av_one_third  el_before_av_hr  \" style='border-radius:0px; '><article class=\"iconbox iconbox_top main_color    avia-builder-el-12  avia-builder-el-no-sibling   \"  itemscope=\"itemscope\" itemtype=\"https:\/\/schema.org\/CreativeWork\" ><div class=\"iconbox_content\"><header class=\"entry-content-header\"><a href='https:\/\/www.shalatinoamerica.com:2096\/' title='Webmail'  target=\"_blank\"  class=\"iconbox_icon heading-color \" aria-hidden='true' data-av_icon='\ue805' data-av_iconfont='entypo-fontello'  ><\/a><h3 class='iconbox_content_title  '  itemprop=\"headline\"  ><a href='https:\/\/www.shalatinoamerica.com:2096\/' title='Webmail'  target=\"_blank\" >Webmail<\/a><\/h3><\/header><div class='iconbox_content_container  '  itemprop=\"text\"  ><p>Atiende tu cuenta de correo electr\u00f3nico corporativo.<\/p>\n<\/div><\/div><footer class=\"entry-footer\"><\/footer><\/article><\/div>\n<div  class='hr hr-default   avia-builder-el-13  el_after_av_one_third  el_before_av_one_fourth '><span class='hr-inner ' ><span class='hr-inner-style'><\/span><\/span><\/div>\n<div class=\"flex_column av_one_fourth  flex_column_div av-zero-column-padding first  avia-builder-el-14  el_after_av_hr  el_before_av_one_fourth   \" style='margin-top:0px; margin-bottom:0px; border-radius:0px; '><p><section class=\"av_textblock_section \"  itemscope=\"itemscope\" itemtype=\"https:\/\/schema.org\/CreativeWork\" ><div class='avia_textblock  '   itemprop=\"text\" ><p><strong>Para tu seguridad te informamos<\/strong><\/p>\n<\/div><\/section><br \/>\n<br \/>\n<\/p><\/div><div class=\"flex_column av_one_fourth  flex_column_div av-zero-column-padding   avia-builder-el-18  el_after_av_one_fourth  el_before_av_one_fourth   \" style='margin-top:0px; margin-bottom:0px; border-radius:0px; '><\/div><div class=\"flex_column av_one_fourth  flex_column_div av-zero-column-padding   avia-builder-el-19  el_after_av_one_fourth  el_before_av_one_fourth   \" style='margin-top:0px; margin-bottom:0px; border-radius:0px; '><\/div><div class=\"flex_column av_one_fourth  flex_column_div av-zero-column-padding   avia-builder-el-20  el_after_av_one_fourth  el_before_av_section  avia-builder-el-last   \" style='margin-top:0px; margin-bottom:0px; border-radius:0px; '><\/div><\/div><\/div><\/div><!-- close content main div --><\/div><\/div><div id='plugin-header' class='avia-section main_color avia-section-no-padding avia-no-border-styling av-section-color-overlay-active avia-bg-style-scroll  avia-builder-el-21  el_after_av_one_fourth  avia-builder-el-last    container_wrap sidebar_right' style='background-color: #f1f1f1; background-repeat: no-repeat; background-image: url(https:\/\/i0.wp.com\/www.shalatinoamerica.com\/web\/wp-content\/uploads\/2019\/12\/Bird-Phrase.png?fit=1920%2C1080&ssl=1);background-attachment: scroll; background-position: center center;  margin-top:0px; margin-bottom:0px; '  data-section-bg-repeat='no-repeat'><div class='av-section-color-overlay-wrap'><div class='av-section-color-overlay' style='opacity: 0.7; background-color: #0d47a1; '><\/div><div class='container' ><div class='template-page content  av-content-small alpha units'><div class='post-entry post-entry-type-page post-entry-3548'><div class='entry-content-wrapper clearfix'>\n<div style='padding-bottom:0px; color:#ffffff;font-size:40px;' class='av-special-heading av-special-heading-h1 custom-color-heading blockquote modern-quote modern-centered  avia-builder-el-22  avia-builder-el-no-sibling   av-thin-font av-inherit-size '><h1 class='av-special-heading-tag '  itemprop=\"headline\"  >\u00abDadme un punto de apoyo y <strong>mover\u00e9 al mundo<\/strong>\u00ab<\/h1><div class ='av-subheading av-subheading_below av_custom_color ' style='font-size:15px;'><p>Arqu\u00edmedes de Siracusa<br \/>\n287 a.c.-212 a.c.<br \/>\nCient\u00edfico Griego<\/p>\n<\/div><div class='special-heading-border'><div class='special-heading-inner-border' style='border-color:#ffffff'><\/div><\/div><\/div>\n<\/div><\/div><\/div><!-- close content main div --><\/div><\/div><\/div><div id='after_section_3' class='main_color av_default_container_wrap container_wrap sidebar_right' style=' '  ><div class='container' ><div class='template-page content  av-content-small alpha units'><div class='post-entry post-entry-type-page post-entry-3548'><div class='entry-content-wrapper clearfix'><\/p>\n","protected":false},"excerpt":{"rendered":"","protected":false},"author":2,"featured_media":0,"parent":0,"menu_order":0,"comment_status":"closed","ping_status":"closed","template":"","meta":{"_joinchat":[],"footnotes":""},"class_list":["post-3548","page","type-page","status-publish","hentry"],"jetpack_sharing_enabled":true,"jetpack_likes_enabled":false,"_links":{"self":[{"href":"https:\/\/www.shalatinoamerica.com\/web\/wp-json\/wp\/v2\/pages\/3548","targetHints":{"allow":["GET"]}}],"collection":[{"href":"https:\/\/www.shalatinoamerica.com\/web\/wp-json\/wp\/v2\/pages"}],"about":[{"href":"https:\/\/www.shalatinoamerica.com\/web\/wp-json\/wp\/v2\/types\/page"}],"author":[{"embeddable":true,"href":"https:\/\/www.shalatinoamerica.com\/web\/wp-json\/wp\/v2\/users\/2"}],"replies":[{"embeddable":true,"href":"https:\/\/www.shalatinoamerica.com\/web\/wp-json\/wp\/v2\/comments?post=3548"}],"version-history":[{"count":4,"href":"https:\/\/www.shalatinoamerica.com\/web\/wp-json\/wp\/v2\/pages\/3548\/revisions"}],"predecessor-version":[{"id":3796,"href":"https:\/\/www.shalatinoamerica.com\/web\/wp-json\/wp\/v2\/pages\/3548\/revisions\/3796"}],"wp:attachment":[{"href":"https:\/\/www.shalatinoamerica.com\/web\/wp-json\/wp\/v2\/media?parent=3548"}],"curies":[{"name":"wp","href":"https:\/\/api.w.org\/{rel}","templated":true}]}}