{"id":3508,"date":"2019-12-11T11:35:05","date_gmt":"2019-12-11T16:35:05","guid":{"rendered":"https:\/\/www.shalatinoamerica.com\/web\/proyectos\/"},"modified":"2019-12-17T19:04:44","modified_gmt":"2019-12-18T00:04:44","slug":"proyectos","status":"publish","type":"page","link":"https:\/\/www.shalatinoamerica.com\/web\/proyectos\/","title":{"rendered":"Proyectos"},"content":{"rendered":"<div id='av_section_1' class='avia-section main_color avia-section-no-padding avia-no-border-styling avia-full-stretch av-section-color-overlay-active avia-bg-style-scroll  avia-builder-el-0  el_before_av_notification  avia-builder-el-first    container_wrap sidebar_right' style='background-repeat: no-repeat; background-image: url(https:\/\/i0.wp.com\/www.shalatinoamerica.com\/web\/wp-content\/uploads\/2017\/02\/banner-news-alt.jpg?fit=1600%2C800&ssl=1);background-attachment: scroll; background-position: center center;  margin-top:0px; margin-bottom:0px; '  data-section-bg-repeat='stretch'><div class='av-section-color-overlay-wrap'><div class='av-section-color-overlay' style='opacity: 0.6; background-color: #000000; '><\/div><div class='container' ><main  role=\"main\" itemprop=\"mainContentOfPage\"  class='template-page content  av-content-small alpha units'><div class='post-entry post-entry-type-page post-entry-3508'><div class='entry-content-wrapper clearfix'>\n<div  class='hr hr-default   avia-builder-el-1  el_before_av_heading  avia-builder-el-first '><span class='hr-inner ' ><span class='hr-inner-style'><\/span><\/span><\/div>\n<div style='padding-bottom:0px; color:#ffffff;font-size:40px;' class='av-special-heading av-special-heading-h1 custom-color-heading blockquote modern-quote modern-centered  avia-builder-el-2  el_after_av_hr  el_before_av_hr   av-thin-font av-inherit-size '><h1 class='av-special-heading-tag '  itemprop=\"headline\"  ><strong>Proyectos<\/strong><\/h1><div class ='av-subheading av-subheading_below av_custom_color ' style='font-size:15px;'><p>Aqu\u00ed podr\u00e1s estar al tanto del avance tus proyectos, e interactuar de forma f\u00e1cil con los dem\u00e1s involucrados<\/p>\n<\/div><div class='special-heading-border'><div class='special-heading-inner-border' style='border-color:#ffffff'><\/div><\/div><\/div>\n<div  class='hr hr-default   avia-builder-el-3  el_after_av_heading  avia-builder-el-last '><span class='hr-inner ' ><span class='hr-inner-style'><\/span><\/span><\/div>\n<\/div><\/div><\/main><!-- close content main element --><\/div><\/div><\/div><div id='after_section_1' class='main_color av_default_container_wrap container_wrap sidebar_right' style=' '  ><div class='container' ><div class='template-page content  av-content-small alpha units'><div class='post-entry post-entry-type-page post-entry-3508'><div class='entry-content-wrapper clearfix'>\n<div id='avia-messagebox-14aa57fbfe6cf2e9def71363e1aa5e8d' class='avia_message_box  avia-color-orange avia-size-normal avia-icon_select-yes avia-border-  avia-builder-el-4  el_after_av_section  el_before_av_hr  avia-builder-el-first   messagebox-hidden messagebox-session_cookie' data-contents='14aa57fbfe6cf2e9def71363e1aa5e8d' data-cookielifetime='60'><span class='avia_message_box_title' >Advertencia<\/span><div class='avia_message_box_content' ><span class='avia_message_box_icon' aria-hidden='true' data-av_icon='\ue83e' data-av_iconfont='entypo-fontello'><\/span><p>Esta informaci\u00f3n es solo para personas autorizadas. Si usted no est\u00e1 autorizado, por favor, abandone la p\u00e1gina o pudiera incurrir en un delito.<\/p>\n<\/div><a class=\"av_message_close\">\u00d7<\/a><\/div>\n<div  class='hr hr-default   avia-builder-el-5  el_after_av_notification  el_before_av_textblock '><span class='hr-inner ' ><span class='hr-inner-style'><\/span><\/span><\/div>\n<section class=\"av_textblock_section \"  itemscope=\"itemscope\" itemtype=\"https:\/\/schema.org\/CreativeWork\" ><div class='avia_textblock  '   itemprop=\"text\" ><p>[pm]<\/p>\n<\/div><\/section>\n<div  class='hr hr-default   avia-builder-el-7  el_after_av_textblock  avia-builder-el-last '><span class='hr-inner ' ><span class='hr-inner-style'><\/span><\/span><\/div>\n","protected":false},"excerpt":{"rendered":"","protected":false},"author":2,"featured_media":0,"parent":0,"menu_order":0,"comment_status":"close","ping_status":"close","template":"","meta":{"_joinchat":{"telephone":"+14692423697"},"footnotes":""},"class_list":["post-3508","page","type-page","status-publish","hentry"],"jetpack_sharing_enabled":true,"jetpack_likes_enabled":false,"_links":{"self":[{"href":"https:\/\/www.shalatinoamerica.com\/web\/wp-json\/wp\/v2\/pages\/3508","targetHints":{"allow":["GET"]}}],"collection":[{"href":"https:\/\/www.shalatinoamerica.com\/web\/wp-json\/wp\/v2\/pages"}],"about":[{"href":"https:\/\/www.shalatinoamerica.com\/web\/wp-json\/wp\/v2\/types\/page"}],"author":[{"embeddable":true,"href":"https:\/\/www.shalatinoamerica.com\/web\/wp-json\/wp\/v2\/users\/2"}],"replies":[{"embeddable":true,"href":"https:\/\/www.shalatinoamerica.com\/web\/wp-json\/wp\/v2\/comments?post=3508"}],"version-history":[{"count":5,"href":"https:\/\/www.shalatinoamerica.com\/web\/wp-json\/wp\/v2\/pages\/3508\/revisions"}],"predecessor-version":[{"id":3793,"href":"https:\/\/www.shalatinoamerica.com\/web\/wp-json\/wp\/v2\/pages\/3508\/revisions\/3793"}],"wp:attachment":[{"href":"https:\/\/www.shalatinoamerica.com\/web\/wp-json\/wp\/v2\/media?parent=3508"}],"curies":[{"name":"wp","href":"https:\/\/api.w.org\/{rel}","templated":true}]}}